{"id":30,"date":"2024-04-14T15:14:05","date_gmt":"2024-04-14T15:14:05","guid":{"rendered":"https:\/\/apikosmetiikka.fi\/?page_id=30"},"modified":"2024-10-18T16:40:37","modified_gmt":"2024-10-18T16:40:37","slug":"apikosmetiikkatuotteet","status":"publish","type":"page","link":"https:\/\/apikosmetiikka.fi\/index.php\/apikosmetiikkatuotteet\/","title":{"rendered":"Apikosmetiikkatuotteet"},"content":{"rendered":"","protected":false},"excerpt":{"rendered":"","protected":false},"author":2,"featured_media":0,"parent":0,"menu_order":0,"comment_status":"closed","ping_status":"closed","template":"","meta":{"footnotes":""},"class_list":["post-30","page","type-page","status-publish","hentry"],"yoast_head":"<!-- This site is optimized with the Yoast SEO plugin v24.4 - https:\/\/yoast.com\/wordpress\/plugins\/seo\/ -->\n<title>Apikosmetiikkatuotteet - Apikosmetiikkaa - Suomen apikosmetiikkayhdistys ry<\/title>\n<meta name=\"robots\" content=\"index, follow, max-snippet:-1, max-image-preview:large, max-video-preview:-1\" \/>\n<link rel=\"canonical\" href=\"https:\/\/apikosmetiikka.fi\/index.php\/apikosmetiikkatuotteet\/\" \/>\n<meta property=\"og:locale\" content=\"fi_FI\" \/>\n<meta property=\"og:type\" content=\"article\" \/>\n<meta property=\"og:title\" content=\"Apikosmetiikkatuotteet - Apikosmetiikkaa - Suomen apikosmetiikkayhdistys ry\" \/>\n<meta property=\"og:url\" content=\"https:\/\/apikosmetiikka.fi\/index.php\/apikosmetiikkatuotteet\/\" \/>\n<meta property=\"og:site_name\" content=\"Apikosmetiikkaa - Suomen apikosmetiikkayhdistys ry\" \/>\n<meta property=\"article:modified_time\" content=\"2024-10-18T16:40:37+00:00\" \/>\n<meta name=\"twitter:card\" content=\"summary_large_image\" \/>\n<script type=\"application\/ld+json\" class=\"yoast-schema-graph\">{\"@context\":\"https:\/\/schema.org\",\"@graph\":[{\"@type\":\"WebPage\",\"@id\":\"https:\/\/apikosmetiikka.fi\/index.php\/apikosmetiikkatuotteet\/\",\"url\":\"https:\/\/apikosmetiikka.fi\/index.php\/apikosmetiikkatuotteet\/\",\"name\":\"Apikosmetiikkatuotteet - Apikosmetiikkaa - Suomen apikosmetiikkayhdistys ry\",\"isPartOf\":{\"@id\":\"https:\/\/apikosmetiikka.fi\/#website\"},\"datePublished\":\"2024-04-14T15:14:05+00:00\",\"dateModified\":\"2024-10-18T16:40:37+00:00\",\"breadcrumb\":{\"@id\":\"https:\/\/apikosmetiikka.fi\/index.php\/apikosmetiikkatuotteet\/#breadcrumb\"},\"inLanguage\":\"fi\",\"potentialAction\":[{\"@type\":\"ReadAction\",\"target\":[\"https:\/\/apikosmetiikka.fi\/index.php\/apikosmetiikkatuotteet\/\"]}]},{\"@type\":\"BreadcrumbList\",\"@id\":\"https:\/\/apikosmetiikka.fi\/index.php\/apikosmetiikkatuotteet\/#breadcrumb\",\"itemListElement\":[{\"@type\":\"ListItem\",\"position\":1,\"name\":\"Etusivu\",\"item\":\"https:\/\/apikosmetiikka.fi\/\"},{\"@type\":\"ListItem\",\"position\":2,\"name\":\"Apikosmetiikkatuotteet\"}]},{\"@type\":\"WebSite\",\"@id\":\"https:\/\/apikosmetiikka.fi\/#website\",\"url\":\"https:\/\/apikosmetiikka.fi\/\",\"name\":\"www.apikosmetiikka.fi\",\"description\":\"Apikosmetiikka -opi k\u00e4ytt\u00e4m\u00e4\u00e4n mehil\u00e4ispes\u00e4st\u00e4 saatavia arvokkaita raaka-aineita.\",\"publisher\":{\"@id\":\"https:\/\/apikosmetiikka.fi\/#organization\"},\"potentialAction\":[{\"@type\":\"SearchAction\",\"target\":{\"@type\":\"EntryPoint\",\"urlTemplate\":\"https:\/\/apikosmetiikka.fi\/?s={search_term_string}\"},\"query-input\":{\"@type\":\"PropertyValueSpecification\",\"valueRequired\":true,\"valueName\":\"search_term_string\"}}],\"inLanguage\":\"fi\"},{\"@type\":\"Organization\",\"@id\":\"https:\/\/apikosmetiikka.fi\/#organization\",\"name\":\"Suomen apikosmetiikkayhdistys ry\",\"url\":\"https:\/\/apikosmetiikka.fi\/\",\"logo\":{\"@type\":\"ImageObject\",\"inLanguage\":\"fi\",\"@id\":\"https:\/\/apikosmetiikka.fi\/#\/schema\/logo\/image\/\",\"url\":\"https:\/\/apikosmetiikka.fi\/wp-content\/uploads\/2024\/10\/Black-and-White-Vintage-Honey-Bee-Logo.png\",\"contentUrl\":\"https:\/\/apikosmetiikka.fi\/wp-content\/uploads\/2024\/10\/Black-and-White-Vintage-Honey-Bee-Logo.png\",\"width\":500,\"height\":500,\"caption\":\"Suomen apikosmetiikkayhdistys ry\"},\"image\":{\"@id\":\"https:\/\/apikosmetiikka.fi\/#\/schema\/logo\/image\/\"}}]}<\/script>\n<!-- \/ Yoast SEO plugin. -->","yoast_head_json":{"title":"Apikosmetiikkatuotteet - Apikosmetiikkaa - Suomen apikosmetiikkayhdistys ry","robots":{"index":"index","follow":"follow","max-snippet":"max-snippet:-1","max-image-preview":"max-image-preview:large","max-video-preview":"max-video-preview:-1"},"canonical":"https:\/\/apikosmetiikka.fi\/index.php\/apikosmetiikkatuotteet\/","og_locale":"fi_FI","og_type":"article","og_title":"Apikosmetiikkatuotteet - Apikosmetiikkaa - Suomen apikosmetiikkayhdistys ry","og_url":"https:\/\/apikosmetiikka.fi\/index.php\/apikosmetiikkatuotteet\/","og_site_name":"Apikosmetiikkaa - Suomen apikosmetiikkayhdistys ry","article_modified_time":"2024-10-18T16:40:37+00:00","twitter_card":"summary_large_image","schema":{"@context":"https:\/\/schema.org","@graph":[{"@type":"WebPage","@id":"https:\/\/apikosmetiikka.fi\/index.php\/apikosmetiikkatuotteet\/","url":"https:\/\/apikosmetiikka.fi\/index.php\/apikosmetiikkatuotteet\/","name":"Apikosmetiikkatuotteet - Apikosmetiikkaa - Suomen apikosmetiikkayhdistys ry","isPartOf":{"@id":"https:\/\/apikosmetiikka.fi\/#website"},"datePublished":"2024-04-14T15:14:05+00:00","dateModified":"2024-10-18T16:40:37+00:00","breadcrumb":{"@id":"https:\/\/apikosmetiikka.fi\/index.php\/apikosmetiikkatuotteet\/#breadcrumb"},"inLanguage":"fi","potentialAction":[{"@type":"ReadAction","target":["https:\/\/apikosmetiikka.fi\/index.php\/apikosmetiikkatuotteet\/"]}]},{"@type":"BreadcrumbList","@id":"https:\/\/apikosmetiikka.fi\/index.php\/apikosmetiikkatuotteet\/#breadcrumb","itemListElement":[{"@type":"ListItem","position":1,"name":"Etusivu","item":"https:\/\/apikosmetiikka.fi\/"},{"@type":"ListItem","position":2,"name":"Apikosmetiikkatuotteet"}]},{"@type":"WebSite","@id":"https:\/\/apikosmetiikka.fi\/#website","url":"https:\/\/apikosmetiikka.fi\/","name":"www.apikosmetiikka.fi","description":"Apikosmetiikka -opi k\u00e4ytt\u00e4m\u00e4\u00e4n mehil\u00e4ispes\u00e4st\u00e4 saatavia arvokkaita raaka-aineita.","publisher":{"@id":"https:\/\/apikosmetiikka.fi\/#organization"},"potentialAction":[{"@type":"SearchAction","target":{"@type":"EntryPoint","urlTemplate":"https:\/\/apikosmetiikka.fi\/?s={search_term_string}"},"query-input":{"@type":"PropertyValueSpecification","valueRequired":true,"valueName":"search_term_string"}}],"inLanguage":"fi"},{"@type":"Organization","@id":"https:\/\/apikosmetiikka.fi\/#organization","name":"Suomen apikosmetiikkayhdistys ry","url":"https:\/\/apikosmetiikka.fi\/","logo":{"@type":"ImageObject","inLanguage":"fi","@id":"https:\/\/apikosmetiikka.fi\/#\/schema\/logo\/image\/","url":"https:\/\/apikosmetiikka.fi\/wp-content\/uploads\/2024\/10\/Black-and-White-Vintage-Honey-Bee-Logo.png","contentUrl":"https:\/\/apikosmetiikka.fi\/wp-content\/uploads\/2024\/10\/Black-and-White-Vintage-Honey-Bee-Logo.png","width":500,"height":500,"caption":"Suomen apikosmetiikkayhdistys ry"},"image":{"@id":"https:\/\/apikosmetiikka.fi\/#\/schema\/logo\/image\/"}}]}},"_links":{"self":[{"href":"https:\/\/apikosmetiikka.fi\/index.php\/wp-json\/wp\/v2\/pages\/30","targetHints":{"allow":["GET"]}}],"collection":[{"href":"https:\/\/apikosmetiikka.fi\/index.php\/wp-json\/wp\/v2\/pages"}],"about":[{"href":"https:\/\/apikosmetiikka.fi\/index.php\/wp-json\/wp\/v2\/types\/page"}],"author":[{"embeddable":true,"href":"https:\/\/apikosmetiikka.fi\/index.php\/wp-json\/wp\/v2\/users\/2"}],"replies":[{"embeddable":true,"href":"https:\/\/apikosmetiikka.fi\/index.php\/wp-json\/wp\/v2\/comments?post=30"}],"version-history":[{"count":1,"href":"https:\/\/apikosmetiikka.fi\/index.php\/wp-json\/wp\/v2\/pages\/30\/revisions"}],"predecessor-version":[{"id":31,"href":"https:\/\/apikosmetiikka.fi\/index.php\/wp-json\/wp\/v2\/pages\/30\/revisions\/31"}],"wp:attachment":[{"href":"https:\/\/apikosmetiikka.fi\/index.php\/wp-json\/wp\/v2\/media?parent=30"}],"curies":[{"name":"wp","href":"https:\/\/api.w.org\/{rel}","templated":true}]}}